{"id":639,"date":"2023-10-25T20:04:11","date_gmt":"2023-10-25T23:04:11","guid":{"rendered":"https:\/\/aparada.com.br\/?page_id=639"},"modified":"2023-10-27T18:33:00","modified_gmt":"2023-10-27T21:33:00","slug":"politica-de-privacidade-2","status":"publish","type":"page","link":"https:\/\/aparada.com.br\/index.php\/politica-de-privacidade-2\/","title":{"rendered":"Pol\u00edtica de Privacidade"},"content":{"rendered":"\t\t<div data-elementor-type=\"wp-page\" data-elementor-id=\"639\" class=\"elementor elementor-639\" data-elementor-post-type=\"page\">\n\t\t\t\t\t\t\t<div class=\"elementor-element elementor-element-aca0ae7 e-flex e-con-boxed e-con e-parent\" data-id=\"aca0ae7\" data-element_type=\"container\" data-settings=\"{&quot;content_width&quot;:&quot;boxed&quot;}\" data-core-v316-plus=\"true\">\n\t\t\t\t\t<div class=\"e-con-inner\">\n\t\t\t\t<div class=\"elementor-element elementor-element-e4b9962 elementor-widget elementor-widget-text-editor\" data-id=\"e4b9962\" data-element_type=\"widget\" data-widget_type=\"text-editor.default\">\n\t\t\t\t<div class=\"elementor-widget-container\">\n\t\t\t<style>\/*! elementor - v3.16.0 - 20-09-2023 *\/\n.elementor-widget-text-editor.elementor-drop-cap-view-stacked .elementor-drop-cap{background-color:#69727d;color:#fff}.elementor-widget-text-editor.elementor-drop-cap-view-framed .elementor-drop-cap{color:#69727d;border:3px solid;background-color:transparent}.elementor-widget-text-editor:not(.elementor-drop-cap-view-default) .elementor-drop-cap{margin-top:8px}.elementor-widget-text-editor:not(.elementor-drop-cap-view-default) .elementor-drop-cap-letter{width:1em;height:1em}.elementor-widget-text-editor .elementor-drop-cap{float:left;text-align:center;line-height:1;font-size:50px}.elementor-widget-text-editor .elementor-drop-cap-letter{display:inline-block}<\/style>\t\t\t\t<p>Esta Pol\u00edtica de Privacidade foi formulada com o intuito de manter a privacidade e a seguran\u00e7a das informa\u00e7\u00f5es coletadas de nossos clientes e usu\u00e1rios.<\/p>\t\t\t\t\t\t<\/div>\n\t\t\t\t<\/div>\n\t\t\t\t\t<\/div>\n\t\t\t\t<\/div>\n\t\t<div class=\"elementor-element elementor-element-cb75901 e-flex e-con-boxed e-con e-parent\" data-id=\"cb75901\" data-element_type=\"container\" data-settings=\"{&quot;content_width&quot;:&quot;boxed&quot;}\" data-core-v316-plus=\"true\">\n\t\t\t\t\t<div class=\"e-con-inner\">\n\t\t\t\t<div class=\"elementor-element elementor-element-5412c17 elementor-widget elementor-widget-text-editor\" data-id=\"5412c17\" data-element_type=\"widget\" data-widget_type=\"text-editor.default\">\n\t\t\t\t<div class=\"elementor-widget-container\">\n\t\t\t\t\t\t\t<div class=\"col-md-12 col-sm-12 col-xs-12 padding-bottom-15\"><h3 class=\"default\">Pol\u00edtica de privacidade para\u00a0<strong>A PARADA<\/strong><\/h3><\/div><div class=\"col-md-12 col-sm-12 col-xs-12\"><p>Todas as suas informa\u00e7\u00f5es pessoais recolhidas, ser\u00e3o usadas para o ajudar a tornar a sua visita no nosso site o mais produtiva e agrad\u00e1vel poss\u00edvel.<\/p><p>A garantia da confidencialidade dos dados pessoais dos utilizadores do nosso site \u00e9 importante para o\u00a0<strong>A PARADA<\/strong>.<\/p><p>Todas as informa\u00e7\u00f5es pessoais relativas a membros, assinantes, clientes ou visitantes que usem o\u00a0<strong>A PARADA<\/strong>\u00a0ser\u00e3o tratadas em concord\u00e2ncia com a Lei da Prote\u00e7\u00e3o de Dados Pessoais de 26 de outubro de 1998 (Lei n.\u00ba 67\/98).<\/p><p>A informa\u00e7\u00e3o pessoal recolhida pode incluir o seu nome, e-mail, n\u00famero de telefone e\/ou telem\u00f3vel, morada, data de nascimento e\/ou outros.<\/p><p>O uso do\u00a0<strong>A PARADA<\/strong>\u00a0pressup\u00f5e a aceita\u00e7\u00e3o deste Acordo de privacidade. A equipe do\u00a0<strong>A PARADA<\/strong>\u00a0reserva-se ao direito de alterar este acordo sem aviso pr\u00e9vio. Deste modo, recomendamos que consulte esta p\u00e1gina com regularidade de forma a estar sempre atualizado.<\/p><\/div><div class=\"col-md-12 col-sm-12 col-xs-12 padding-top-30 padding-bottom-15\"><h3 class=\"default\">Os an\u00fancios<\/h3><\/div><div class=\"col-md-12 col-sm-12 col-xs-12\"><p>Tal como outros websites, coletamos e utilizamos informa\u00e7\u00e3o contida nos an\u00fancios. A informa\u00e7\u00e3o contida nos an\u00fancios, inclui o seu endere\u00e7o IP (Internet Protocol), o seu ISP (Internet Service Provider, como o Sapo, Clix, ou outro), o browser que utilizou ao visitar o nosso website (como o Internet Explorer ou o Firefox), o tempo da sua visita e que p\u00e1ginas visitou dentro do nosso website.<\/p><\/div><div class=\"col-md-12 col-sm-12 col-xs-12 padding-top-30 padding-bottom-15\"><h3 class=\"default\">Os Cookies e Web Beacons<\/h3><\/div><div class=\"col-md-12 col-sm-12 col-xs-12\"><p>Utilizamos cookies para armazenar informa\u00e7\u00e3o, tais como as suas prefer\u00eancias pessoas quando visita o nosso website. Isto poder\u00e1 incluir um simples popup, ou uma liga\u00e7\u00e3o em v\u00e1rios servi\u00e7os que providenciamos, tais como f\u00f3runs.<\/p><p>Em adi\u00e7\u00e3o tamb\u00e9m utilizamos publicidade de terceiros no nosso website para suportar os custos de manuten\u00e7\u00e3o. Alguns destes publicit\u00e1rios, poder\u00e3o utilizar tecnologias como os cookies e\/ou web beacons quando publicitam no nosso website, o que far\u00e1 com que esses publicit\u00e1rios (como o Google atrav\u00e9s do Google AdSense) tamb\u00e9m recebam a sua informa\u00e7\u00e3o pessoal, como o endere\u00e7o IP, o seu ISP, o seu browser, etc. Esta fun\u00e7\u00e3o \u00e9 geralmente utilizada para geotargeting (mostrar publicidade de Lisboa apenas aos leitores oriundos de Lisboa por ex.) ou apresentar publicidade direcionada a um tipo de utilizador (como mostrar publicidade de restaurante a um utilizador que visita sites de culin\u00e1ria regularmente, por ex.).<\/p><p>Voc\u00ea det\u00e9m o poder de desligar os seus cookies, nas op\u00e7\u00f5es do seu browser, ou efetuando altera\u00e7\u00f5es nas ferramentas de programas Anti-Virus, como o Norton Internet Security. No entanto, isso poder\u00e1 alterar a forma como interage com o nosso website, ou outros websites. Isso poder\u00e1 afetar ou n\u00e3o permitir que fa\u00e7a logins em programas, sites ou f\u00f3runs da nossa e de outras redes.<\/p><\/div><div class=\"col-md-12 col-sm-12 col-xs-12 padding-top-30 padding-bottom-15\"><h3 class=\"default\">Liga\u00e7\u00f5es a Sites de terceiros<\/h3><\/div><div class=\"col-md-12 col-sm-12 col-xs-12\"><p>O\u00a0<strong>A PARADA<\/strong>\u00a0possui liga\u00e7\u00f5es para outros sites, os quais, a nosso ver, podem conter informa\u00e7\u00f5es \/ ferramentas \u00fateis para os nossos visitantes. A nossa pol\u00edtica de privacidade n\u00e3o \u00e9 aplicada a sites de terceiros, pelo que, caso visite outro site a partir do nosso dever\u00e1 ler a politica de privacidade do mesmo.<\/p><p>N\u00e3o nos responsabilizamos pela pol\u00edtica de privacidade ou conte\u00fado presente nesses mesmos sites.<\/p><\/div>\t\t\t\t\t\t<\/div>\n\t\t\t\t<\/div>\n\t\t\t\t\t<\/div>\n\t\t\t\t<\/div>\n\t\t\t\t\t\t\t<\/div>\n\t\t","protected":false},"excerpt":{"rendered":"<p>Esta Pol\u00edtica de Privacidade foi formulada com o intuito de manter a privacidade e a seguran\u00e7a das informa\u00e7\u00f5es coletadas de nossos clientes e usu\u00e1rios. Pol\u00edtica de privacidade para\u00a0A PARADA Todas as suas informa\u00e7\u00f5es pessoais recolhidas, ser\u00e3o usadas para o ajudar a tornar a sua visita no nosso site o mais produtiva e agrad\u00e1vel poss\u00edvel. A [&hellip;]<\/p>\n","protected":false},"author":2,"featured_media":0,"parent":0,"menu_order":0,"comment_status":"closed","ping_status":"closed","template":"","meta":{"footnotes":""},"yoast_head":"<!-- This site is optimized with the Yoast SEO plugin v21.5 - https:\/\/yoast.com\/wordpress\/plugins\/seo\/ -->\n<title>Pol\u00edtica de Privacidade - A Parada<\/title>\n<meta name=\"robots\" content=\"index, follow, max-snippet:-1, max-image-preview:large, max-video-preview:-1\" \/>\n<link rel=\"canonical\" href=\"https:\/\/aparada.com.br\/index.php\/politica-de-privacidade-2\/\" \/>\n<meta property=\"og:locale\" content=\"pt_BR\" \/>\n<meta property=\"og:type\" content=\"article\" \/>\n<meta property=\"og:title\" content=\"Pol\u00edtica de Privacidade - A Parada\" \/>\n<meta property=\"og:description\" content=\"Esta Pol\u00edtica de Privacidade foi formulada com o intuito de manter a privacidade e a seguran\u00e7a das informa\u00e7\u00f5es coletadas de nossos clientes e usu\u00e1rios. Pol\u00edtica de privacidade para\u00a0A PARADA Todas as suas informa\u00e7\u00f5es pessoais recolhidas, ser\u00e3o usadas para o ajudar a tornar a sua visita no nosso site o mais produtiva e agrad\u00e1vel poss\u00edvel. A [&hellip;]\" \/>\n<meta property=\"og:url\" content=\"https:\/\/aparada.com.br\/index.php\/politica-de-privacidade-2\/\" \/>\n<meta property=\"og:site_name\" content=\"A Parada\" \/>\n<meta property=\"article:publisher\" content=\"https:\/\/www.facebook.com\/aparada.labs\" \/>\n<meta property=\"article:modified_time\" content=\"2023-10-27T21:33:00+00:00\" \/>\n<meta name=\"twitter:card\" content=\"summary_large_image\" \/>\n<meta name=\"twitter:label1\" content=\"Est. tempo de leitura\" \/>\n\t<meta name=\"twitter:data1\" content=\"3 minutos\" \/>\n<script type=\"application\/ld+json\" class=\"yoast-schema-graph\">{\"@context\":\"https:\/\/schema.org\",\"@graph\":[{\"@type\":\"WebPage\",\"@id\":\"https:\/\/aparada.com.br\/index.php\/politica-de-privacidade-2\/\",\"url\":\"https:\/\/aparada.com.br\/index.php\/politica-de-privacidade-2\/\",\"name\":\"Pol\u00edtica de Privacidade - A Parada\",\"isPartOf\":{\"@id\":\"https:\/\/aparada.com.br\/#website\"},\"datePublished\":\"2023-10-25T23:04:11+00:00\",\"dateModified\":\"2023-10-27T21:33:00+00:00\",\"breadcrumb\":{\"@id\":\"https:\/\/aparada.com.br\/index.php\/politica-de-privacidade-2\/#breadcrumb\"},\"inLanguage\":\"pt-BR\",\"potentialAction\":[{\"@type\":\"ReadAction\",\"target\":[\"https:\/\/aparada.com.br\/index.php\/politica-de-privacidade-2\/\"]}]},{\"@type\":\"BreadcrumbList\",\"@id\":\"https:\/\/aparada.com.br\/index.php\/politica-de-privacidade-2\/#breadcrumb\",\"itemListElement\":[{\"@type\":\"ListItem\",\"position\":1,\"name\":\"In\u00edcio\",\"item\":\"https:\/\/aparada.com.br\/\"},{\"@type\":\"ListItem\",\"position\":2,\"name\":\"Pol\u00edtica de Privacidade\"}]},{\"@type\":\"WebSite\",\"@id\":\"https:\/\/aparada.com.br\/#website\",\"url\":\"https:\/\/aparada.com.br\/\",\"name\":\"A Parada\u00ae\",\"description\":\"\",\"publisher\":{\"@id\":\"https:\/\/aparada.com.br\/#organization\"},\"potentialAction\":[{\"@type\":\"SearchAction\",\"target\":{\"@type\":\"EntryPoint\",\"urlTemplate\":\"https:\/\/aparada.com.br\/?s={search_term_string}\"},\"query-input\":\"required name=search_term_string\"}],\"inLanguage\":\"pt-BR\"},{\"@type\":\"Organization\",\"@id\":\"https:\/\/aparada.com.br\/#organization\",\"name\":\"A Parada\u00ae\",\"url\":\"https:\/\/aparada.com.br\/\",\"logo\":{\"@type\":\"ImageObject\",\"inLanguage\":\"pt-BR\",\"@id\":\"https:\/\/aparada.com.br\/#\/schema\/logo\/image\/\",\"url\":\"https:\/\/aparada.com.br\/wp-content\/uploads\/2023\/10\/cropped-MVP-1-CABECALHO-A-PARADA-1.png\",\"contentUrl\":\"https:\/\/aparada.com.br\/wp-content\/uploads\/2023\/10\/cropped-MVP-1-CABECALHO-A-PARADA-1.png\",\"width\":551,\"height\":98,\"caption\":\"A Parada\u00ae\"},\"image\":{\"@id\":\"https:\/\/aparada.com.br\/#\/schema\/logo\/image\/\"},\"sameAs\":[\"https:\/\/www.facebook.com\/aparada.labs\",\"https:\/\/www.instagram.com\/aparada.labs\/\"]}]}<\/script>\n<!-- \/ Yoast SEO plugin. -->","yoast_head_json":{"title":"Pol\u00edtica de Privacidade - A Parada","robots":{"index":"index","follow":"follow","max-snippet":"max-snippet:-1","max-image-preview":"max-image-preview:large","max-video-preview":"max-video-preview:-1"},"canonical":"https:\/\/aparada.com.br\/index.php\/politica-de-privacidade-2\/","og_locale":"pt_BR","og_type":"article","og_title":"Pol\u00edtica de Privacidade - A Parada","og_description":"Esta Pol\u00edtica de Privacidade foi formulada com o intuito de manter a privacidade e a seguran\u00e7a das informa\u00e7\u00f5es coletadas de nossos clientes e usu\u00e1rios. Pol\u00edtica de privacidade para\u00a0A PARADA Todas as suas informa\u00e7\u00f5es pessoais recolhidas, ser\u00e3o usadas para o ajudar a tornar a sua visita no nosso site o mais produtiva e agrad\u00e1vel poss\u00edvel. A [&hellip;]","og_url":"https:\/\/aparada.com.br\/index.php\/politica-de-privacidade-2\/","og_site_name":"A Parada","article_publisher":"https:\/\/www.facebook.com\/aparada.labs","article_modified_time":"2023-10-27T21:33:00+00:00","twitter_card":"summary_large_image","twitter_misc":{"Est. tempo de leitura":"3 minutos"},"schema":{"@context":"https:\/\/schema.org","@graph":[{"@type":"WebPage","@id":"https:\/\/aparada.com.br\/index.php\/politica-de-privacidade-2\/","url":"https:\/\/aparada.com.br\/index.php\/politica-de-privacidade-2\/","name":"Pol\u00edtica de Privacidade - A Parada","isPartOf":{"@id":"https:\/\/aparada.com.br\/#website"},"datePublished":"2023-10-25T23:04:11+00:00","dateModified":"2023-10-27T21:33:00+00:00","breadcrumb":{"@id":"https:\/\/aparada.com.br\/index.php\/politica-de-privacidade-2\/#breadcrumb"},"inLanguage":"pt-BR","potentialAction":[{"@type":"ReadAction","target":["https:\/\/aparada.com.br\/index.php\/politica-de-privacidade-2\/"]}]},{"@type":"BreadcrumbList","@id":"https:\/\/aparada.com.br\/index.php\/politica-de-privacidade-2\/#breadcrumb","itemListElement":[{"@type":"ListItem","position":1,"name":"In\u00edcio","item":"https:\/\/aparada.com.br\/"},{"@type":"ListItem","position":2,"name":"Pol\u00edtica de Privacidade"}]},{"@type":"WebSite","@id":"https:\/\/aparada.com.br\/#website","url":"https:\/\/aparada.com.br\/","name":"A Parada\u00ae","description":"","publisher":{"@id":"https:\/\/aparada.com.br\/#organization"},"potentialAction":[{"@type":"SearchAction","target":{"@type":"EntryPoint","urlTemplate":"https:\/\/aparada.com.br\/?s={search_term_string}"},"query-input":"required name=search_term_string"}],"inLanguage":"pt-BR"},{"@type":"Organization","@id":"https:\/\/aparada.com.br\/#organization","name":"A Parada\u00ae","url":"https:\/\/aparada.com.br\/","logo":{"@type":"ImageObject","inLanguage":"pt-BR","@id":"https:\/\/aparada.com.br\/#\/schema\/logo\/image\/","url":"https:\/\/aparada.com.br\/wp-content\/uploads\/2023\/10\/cropped-MVP-1-CABECALHO-A-PARADA-1.png","contentUrl":"https:\/\/aparada.com.br\/wp-content\/uploads\/2023\/10\/cropped-MVP-1-CABECALHO-A-PARADA-1.png","width":551,"height":98,"caption":"A Parada\u00ae"},"image":{"@id":"https:\/\/aparada.com.br\/#\/schema\/logo\/image\/"},"sameAs":["https:\/\/www.facebook.com\/aparada.labs","https:\/\/www.instagram.com\/aparada.labs\/"]}]}},"_links":{"self":[{"href":"https:\/\/aparada.com.br\/index.php\/wp-json\/wp\/v2\/pages\/639"}],"collection":[{"href":"https:\/\/aparada.com.br\/index.php\/wp-json\/wp\/v2\/pages"}],"about":[{"href":"https:\/\/aparada.com.br\/index.php\/wp-json\/wp\/v2\/types\/page"}],"author":[{"embeddable":true,"href":"https:\/\/aparada.com.br\/index.php\/wp-json\/wp\/v2\/users\/2"}],"replies":[{"embeddable":true,"href":"https:\/\/aparada.com.br\/index.php\/wp-json\/wp\/v2\/comments?post=639"}],"version-history":[{"count":7,"href":"https:\/\/aparada.com.br\/index.php\/wp-json\/wp\/v2\/pages\/639\/revisions"}],"predecessor-version":[{"id":724,"href":"https:\/\/aparada.com.br\/index.php\/wp-json\/wp\/v2\/pages\/639\/revisions\/724"}],"wp:attachment":[{"href":"https:\/\/aparada.com.br\/index.php\/wp-json\/wp\/v2\/media?parent=639"}],"curies":[{"name":"wp","href":"https:\/\/api.w.org\/{rel}","templated":true}]}}